{"id":1411,"date":"2024-10-10T08:20:18","date_gmt":"2024-10-10T13:20:18","guid":{"rendered":"https:\/\/worthingtonbenefits.com\/?page_id=1411"},"modified":"2025-11-10T16:16:10","modified_gmt":"2025-11-10T22:16:10","slug":"how-others-choose","status":"publish","type":"page","link":"https:\/\/worthingtonbenefits.com\/es\/how-others-choose\/","title":{"rendered":"C\u00f3mo eligen los dem\u00e1s"},"content":{"rendered":"<p>[et_pb_section fb_built=&#8221;1&#8243; fullwidth=&#8221;on&#8221; _builder_version=&#8221;4.16&#8243; _module_preset=&#8221;default&#8221; custom_padding=&#8221;0|0px|0|0px|false|false&#8221; global_colors_info=&#8221;{}&#8221;][et_pb_fullwidth_header title=&#8221;%91 HOW OTHERS CHOOSE %93&#8243; subhead=&#8221;SEE WHAT PEOPLE LIKE YOU DECIDE&#8221; admin_label=&#8221;Fullwidth Header&#8221; _builder_version=&#8221;4.23.1&#8243; _module_preset=&#8221;29eede6e-1393-42c2-b025-25f3e78aae5f&#8221; use_background_color_gradient=&#8221;on&#8221; background_color_gradient_direction=&#8221;45deg&#8221; background_color_gradient_stops=&#8221;rgba(58,45,11,0.76) 0%|rgba(255,255,255,0) 63%&#8221; background_color_gradient_overlays_image=&#8221;on&#8221; background_image=&#8221;http:\/\/worthingtonbenefits.com\/wp-content\/uploads\/2024\/10\/choose.jpg&#8221; global_colors_info=&#8221;{}&#8221;][\/et_pb_fullwidth_header][\/et_pb_section][et_pb_section fb_built=&#8221;1&#8243; use_custom_gutter=&#8221;on&#8221; gutter_width=&#8221;2&#8243; specialty=&#8221;on&#8221; padding_top_1=&#8221;0px&#8221; padding_top_2=&#8221;0px&#8221; padding_right_1=&#8221;30px&#8221; padding_top_bottom_link_1=&#8221;false&#8221; padding_top_bottom_link_2=&#8221;false&#8221; padding_left_right_link_1=&#8221;false&#8221; padding_left_right_link_2=&#8221;false&#8221; padding_1_tablet=&#8221;|0px|||false|false&#8221; padding_1_phone=&#8221;|0px|||false|false&#8221; padding_1_last_edited=&#8221;on|tablet&#8221; module_class_1=&#8221;basic_column_no_sideborder&#8221; custom_css_main_1=&#8221;border-right: 2px dotted #d9d9d9;&#8221; _builder_version=&#8221;4.18.0&#8243; _module_preset=&#8221;default&#8221; custom_padding=&#8221;50px||60px||false|false&#8221; global_colors_info=&#8221;{}&#8221;][et_pb_column type=&#8221;2_3&#8243; specialty_columns=&#8221;2&#8243; _builder_version=&#8221;4.16&#8243; _module_preset=&#8221;default&#8221; custom_padding=&#8221;|||&#8221; global_colors_info=&#8221;{}&#8221; custom_padding__hover=&#8221;|||&#8221;][et_pb_row_inner _builder_version=&#8221;4.18.0&#8243; _module_preset=&#8221;default&#8221; custom_padding=&#8221;0px||||false|false&#8221; global_colors_info=&#8221;{}&#8221;][et_pb_column_inner saved_specialty_column_type=&#8221;2_3&#8243; _builder_version=&#8221;4.18.0&#8243; _module_preset=&#8221;default&#8221; global_colors_info=&#8221;{}&#8221;][et_pb_text admin_label=&#8221;Text &#8212; INTRO copy reg.&#8221; _builder_version=&#8221;4.23.1&#8243; _module_preset=&#8221;6a1133c9-dd61-47d3-a7f7-d32bb71ac93c&#8221; text_font_size_tablet=&#8221;24px&#8221; text_line_height_tablet=&#8221;32px&#8221; saved_tabs=&#8221;all&#8221; locked=&#8221;off&#8221; global_colors_info=&#8221;{}&#8221;]<\/p>\n<p><span>\u00bfNo est\u00e1 seguro de qu\u00e9 prestaciones y cobertura necesita? Observe los siguientes ejemplos para ver c\u00f3mo otras personas en tres etapas diferentes de la vida eligen la cobertura adecuada.\u00a0<\/span><\/p>\n<p>[\/et_pb_text][et_pb_toggle title=&#8221;Olivia Is Just Starting Out \u2014 age 26&#8243; admin_label=&#8221;Toggle &#8212; Anthem Total Health Connections&#8221; _builder_version=&#8221;4.27.4&#8243; _module_preset=&#8221;ed1a6ccb-780d-4cdc-8c3c-22c46257140b&#8221; hover_enabled=&#8221;0&#8243; global_colors_info=&#8221;{}&#8221; sticky_enabled=&#8221;0&#8243;]<\/p>\n<p><span>Olivia es soltera y no tiene hijos. Acude a su m\u00e9dico de atenci\u00f3n primaria para su visita anual de bienestar, pero por lo dem\u00e1s rara vez recibe atenci\u00f3n m\u00e9dica. Olivia no fuma y se mantiene activa haciendo senderismo con su perro. Est\u00e1 pagando la deuda de un pr\u00e9stamo estudiantil y sabe que la aportaci\u00f3n de la empresa a su HSA le ayudar\u00e1 a gestionar los gastos m\u00e9dicos de su bolsillo. Olivia elige el plan HSA Choice porque duda de que vaya a alcanzar la franquicia anual y prefiere las aportaciones mensuales m\u00e1s bajas.<\/span><\/p>\n<table class=\"benefits-table\" style=\"height: 456px;\">\n<thead>\n<tr style=\"height: 48px;\">\n<th class=\"gray-cell\" style=\"height: 48px; width: 177.641px;\"><\/th>\n<th class=\"blue-header\" style=\"height: 48px; width: 139.094px;\">PLAN HSA SELECT<\/th>\n<th class=\"green-header\" style=\"height: 48px; width: 139.266px;\">PLAN HSA CHOICE<\/th>\n<\/tr>\n<\/thead>\n<tbody>\n<tr style=\"height: 72px;\">\n<td style=\"height: 72px; width: 177.641px;\">DEDUCIBLE S\u00d3LO PARA EMPLEADOS<br \/>(IMPORTE QUE OLIVIA TIENE QUE PAGAR ANTES DE QUE EL PLAN ABONE LAS PRESTACIONES)<\/td>\n<td style=\"height: 72px; width: 139.094px; text-align: center;\">$2.000 S\u00f3lo para empleados<\/td>\n<td style=\"height: 72px; width: 139.266px; text-align: center;\">$3.000 S\u00f3lo para empleados<\/td>\n<\/tr>\n<tr style=\"height: 72px;\">\n<td class=\"white-row\" style=\"height: 72px; width: 177.641px;\">CONTRIBUCI\u00d3N DE LA EMPRESA A LA HSA<br \/>(ESTA CANTIDAD PUEDE UTILIZARSE PARA CUBRIR LA FRANQUICIA DE OLIVIA)<\/td>\n<td class=\"white-row\" style=\"height: 72px; width: 139.094px; text-align: center;\">$1.000 S\u00f3lo para empleados<\/td>\n<td class=\"white-row\" style=\"height: 72px; width: 139.266px; text-align: center;\">$750 S\u00f3lo para empleados<\/td>\n<\/tr>\n<tr style=\"height: 72px;\">\n<td style=\"height: 72px; width: 177.641px;\">DEDUCIBLE RESTANTE<\/td>\n<td style=\"height: 72px; width: 139.094px; text-align: center;\">$1,000<\/td>\n<td style=\"height: 72px; width: 139.266px; text-align: center;\">$2,250<\/td>\n<\/tr>\n<tr>\n<td class=\"white-row\" style=\"height: 24px; width: 177.641px;\">COSEGURO (OLIVIA ES RESPONSABLE DEL COSTE CUANDO RECIBE ATENCI\u00d3N DENTRO DE LA RED)<\/td>\n<td class=\"white-row\" style=\"height: 24px; width: 139.094px; text-align: center;\">20%<\/td>\n<td class=\"white-row\" style=\"height: 24px; width: 139.266px; text-align: center;\">30%<\/td>\n<\/tr>\n<\/tbody>\n<tbody><\/tbody>\n<\/table>\n<p>Olivia explora los dem\u00e1s beneficios de que dispone y:<\/p>\n<ul>\n<li>Elige el plan Value para la cobertura dental y renuncia a la cobertura oftalmol\u00f3gica.<\/li>\n<li>Fija su contribuci\u00f3n a la HSA en $2.500 para cubrir la franquicia de 2026 y, con un poco de suerte, tener algo de dinero para transferir al a\u00f1o siguiente.<\/li>\n<li>Elige un seguro para mascotas con descuento a trav\u00e9s del nuevo plan ASPCA Pet Health Insurance.<\/li>\n<li>Toma nota de que debe someterse a un reconocimiento m\u00e9dico y hacerse una extracci\u00f3n de sangre para evitar el recargo de bienestar de $480\/a\u00f1o de nuevo en 2027.<\/li>\n<li>Programa una consulta con Morgan Stanley at Work para que le ayude a elaborar un presupuesto y un plan para saldar m\u00e1s r\u00e1pidamente su deuda de pr\u00e9stamos estudiantiles.<\/li>\n<\/ul>\n<p>[\/et_pb_toggle][et_pb_toggle title=&#8221;Kevin\u2019s Family Is Growing \u2014 age 40&#8243; admin_label=&#8221;Toggle &#8212; Anthem Total Health Connections&#8221; _builder_version=&#8221;4.27.4&#8243; _module_preset=&#8221;e44464b8-7a33-47e0-a5cf-26aa676e849a&#8221; hover_enabled=&#8221;0&#8243; global_colors_info=&#8221;{}&#8221; sticky_enabled=&#8221;0&#8243;]<\/p>\n<p><span>Kevin y su esposa Megan acaban de comprar una casa m\u00e1s grande y esperan su segundo hijo para el pr\u00f3ximo verano. Megan es ama de casa, por lo que Kevin conf\u00eda en sus beneficios de Worthington Enterprises para cubrir a todos los miembros de su familia. Por ahora, su mayor preocupaci\u00f3n es cubrir las facturas del hospital cuando nazca el beb\u00e9. Est\u00e1 dispuesto a pagar m\u00e1s al mes a cambio de la mayor aportaci\u00f3n de la Compa\u00f1\u00eda a la HSA y el menor coseguro, por lo que elige el Plan HSA Select. Tambi\u00e9n se\u00f1ala que el nuevo calendario bianual para las aportaciones de la empresa a la HSA significa que dispondr\u00e1 de m\u00e1s fondos para cubrir los gastos de bolsillo a principios de a\u00f1o, lo cual es una gran ventaja.<\/span><span><\/span><\/p>\n<table class=\"benefits-table\" style=\"height: 456px;\">\n<thead>\n<tr style=\"height: 48px;\">\n<th class=\"gray-cell\" style=\"height: 48px; width: 177.641px;\"><\/th>\n<th class=\"blue-header\" style=\"height: 48px; width: 139.094px;\">PLAN HSA SELECT<\/th>\n<th class=\"green-header\" style=\"height: 48px; width: 139.266px;\">PLAN HSA CHOICE<\/th>\n<\/tr>\n<\/thead>\n<tbody>\n<tr style=\"height: 72px;\">\n<td style=\"height: 72px; width: 177.641px;\">FRANQUICIA FAMILIAR<br \/>(CANTIDAD QUE KEVIN TIENE QUE PAGAR ANTES DE QUE EL PLAN ABONE LAS PRESTACIONES)<\/td>\n<td style=\"height: 72px; width: 139.094px; text-align: center;\">$4,000 Familia<\/td>\n<td style=\"height: 72px; width: 139.266px; text-align: center;\">$6.000 Familia<\/td>\n<\/tr>\n<tr style=\"height: 72px;\">\n<td class=\"white-row\" style=\"height: 72px; width: 177.641px;\">CONTRIBUCI\u00d3N DE LA EMPRESA A LA HSA<br \/>(ESTA CANTIDAD PUEDE UTILIZARSE PARA CUBRIR LA FRANQUICIA DE KEVIN)<\/td>\n<td class=\"white-row\" style=\"height: 72px; width: 139.094px; text-align: center;\">$2,000 Familia<\/td>\n<td class=\"white-row\" style=\"height: 72px; width: 139.266px; text-align: center;\">$1.500 Familia<\/td>\n<\/tr>\n<tr style=\"height: 72px;\">\n<td style=\"height: 72px; width: 177.641px;\">DEDUCIBLE RESTANTE<\/td>\n<td style=\"height: 72px; width: 139.094px; text-align: center;\">$2,000<\/td>\n<td style=\"height: 72px; width: 139.266px; text-align: center;\">$4,500<\/td>\n<\/tr>\n<tr style=\"height: 24px;\">\n<td class=\"white-row\" style=\"height: 24px; width: 177.641px;\">COSEGURO (COSTE QUE CORRESPONDE A KEVIN CUANDO RECIBE ATENCI\u00d3N DENTRO DE LA RED)<\/td>\n<td class=\"white-row\" style=\"height: 24px; width: 139.094px; text-align: center;\">20%<\/td>\n<td class=\"white-row\" style=\"height: 24px; width: 139.266px; text-align: center;\">30%<\/td>\n<\/tr>\n<\/tbody>\n<tbody><\/tbody>\n<\/table>\n<p><span>Kevin tambi\u00e9n:<\/span><\/p>\n<ul>\n<li><span>Elige el Plan Value para Dental y Vision.<\/span><\/li>\n<li><span>Fija su aportaci\u00f3n a la HSA en $5.275 para cubrir la franquicia restante ($2.000) y los gastos de bolsillo adicionales.<\/span><\/li>\n<li><span>Se inscribe en el Plan Legal para ayudar en la planificaci\u00f3n del patrimonio.<\/span><\/li>\n<li><span>Elige un seguro de vida complementario para \u00e9l y su esposa.<\/span><\/li>\n<li><span>Toma nota para descargar la aplicaci\u00f3n Sydney Health y obtener ayuda personalizada en tiempo real.<\/span><\/li>\n<li><span>Fija un recordatorio para principios de julio para a\u00f1adir a su beb\u00e9 a sus prestaciones.<\/span><\/li>\n<\/ul>\n<p>[\/et_pb_toggle][et_pb_toggle title=&#8221;Maureen Is Nearing Retirement \u2014 age 60&#8243; admin_label=&#8221;Toggle &#8212; Anthem Total Health Connections&#8221; _builder_version=&#8221;4.23.1&#8243; _module_preset=&#8221;e44464b8-7a33-47e0-a5cf-26aa676e849a&#8221; global_colors_info=&#8221;{}&#8221;]<\/p>\n<p><span>Maureen suele dejar que sus elecciones de prestaciones m\u00e9dicas se renueven cada a\u00f1o, pero quiere revisar sus opciones. Maureen y su marido Frank comparan las prestaciones de sus empresas y deciden inscribirse en la cobertura Empleado + C\u00f3nyuge a trav\u00e9s de Worthington porque les ahorrar\u00e1 m\u00e1s dinero que inscribi\u00e9ndose en coberturas separadas. En cuanto a su estado de salud, Maureen es activa pero toma medicaci\u00f3n para la tensi\u00f3n arterial, y Frank puede necesitar que le sustituyan la rodilla. Maureen elige el plan HSA Select porque conf\u00eda en que alcanzar\u00e1n la franquicia anual, sobre todo si Frank necesita operarse.<\/span><\/p>\n<table class=\"benefits-table\" style=\"height: 456px;\">\n<thead>\n<tr style=\"height: 48px;\">\n<th class=\"gray-cell\" style=\"height: 48px; width: 177.641px;\"><\/th>\n<th class=\"blue-header\" style=\"height: 48px; width: 139.094px;\">PLAN HSA SELECT<\/th>\n<th class=\"green-header\" style=\"height: 48px; width: 139.266px;\">PLAN HSA CHOICE<\/th>\n<\/tr>\n<\/thead>\n<tbody>\n<tr style=\"height: 72px;\">\n<td style=\"height: 72px; width: 177.641px;\">DEDUCIBLE EMPLEADO + C\u00d3NYUGE<br \/>(IMPORTE QUE DEBE PAGAR MAUREEN ANTES DE QUE EL PLAN LE ABONE LAS PRESTACIONES)<\/td>\n<td style=\"height: 72px; width: 139.094px; text-align: center;\">$4.000 Empleado + C\u00f3nyuge<\/td>\n<td style=\"height: 72px; width: 139.266px; text-align: center;\">$6.000 Empleado + C\u00f3nyuge<\/td>\n<\/tr>\n<tr style=\"height: 72px;\">\n<td class=\"white-row\" style=\"height: 72px; width: 177.641px;\">CONTRIBUCI\u00d3N DE LA EMPRESA A LA HSA<br \/>(ESTA CANTIDAD PUEDE UTILIZARSE PARA CUBRIR LA FRANQUICIA DE MAUREEN)<\/td>\n<td class=\"white-row\" style=\"height: 72px; width: 139.094px; text-align: center;\">$2.000 Empleado + C\u00f3nyuge<\/td>\n<td class=\"white-row\" style=\"height: 72px; width: 139.266px; text-align: center;\">$1.500 Empleado + c\u00f3nyuge<\/td>\n<\/tr>\n<tr style=\"height: 72px;\">\n<td style=\"height: 72px; width: 177.641px;\">DEDUCIBLE RESTANTE<\/td>\n<td style=\"height: 72px; width: 139.094px; text-align: center;\">$2,000<\/td>\n<td style=\"height: 72px; width: 139.266px; text-align: center;\">$4,500<\/td>\n<\/tr>\n<tr style=\"height: 24px;\">\n<td class=\"white-row\" style=\"height: 24px; width: 177.641px;\">COSEGURO (MAUREEN ES RESPONSABLE DEL COSTE CUANDO RECIBE ATENCI\u00d3N DENTRO DE LA RED)<\/td>\n<td class=\"white-row\" style=\"height: 24px; width: 139.094px; text-align: center;\">20%<\/td>\n<td class=\"white-row\" style=\"height: 24px; width: 139.266px; text-align: center;\">30%<\/td>\n<\/tr>\n<\/tbody>\n<tbody><\/tbody>\n<\/table>\n<p><span>Maureen tambi\u00e9n:<\/span><\/p>\n<ul>\n<li><span>Elige el Plan Premier para Dental y Visi\u00f3n.<\/span><\/li>\n<li><span>Fija su aportaci\u00f3n a la HSA en $4.000 para cubrir la franquicia restante y los gastos de bolsillo estimados para el pr\u00f3ximo a\u00f1o.<\/span><\/li>\n<li><span>Elige un seguro de vida complementario para ella y para Frank.<\/span><\/li>\n<li><span>Anima a Frank a probar Hinge Health para ver si le ayuda con su rodilla.<\/span><\/li>\n<li><span>Se pone en contacto con Medicare Choice Group para averiguar qu\u00e9 puede hacer ahora para prepararse para Medicare cuando cumpla los requisitos.<\/span><\/li>\n<\/ul>\n<p>[\/et_pb_toggle][\/et_pb_column_inner][\/et_pb_row_inner][\/et_pb_column][et_pb_column type=&#8221;1_3&#8243; _builder_version=&#8221;4.16&#8243; _module_preset=&#8221;default&#8221; custom_padding=&#8221;|||&#8221; global_colors_info=&#8221;{}&#8221; custom_padding__hover=&#8221;|||&#8221;][et_pb_search exclude_pages=&#8221;off&#8221; button_color=&#8221;#666666&#8243; _builder_version=&#8221;4.23.1&#8243; _module_preset=&#8221;default&#8221; button_font=&#8221;|700|||||||&#8221; button_text_color=&#8221;#ffffff&#8221; button_font_size=&#8221;13px&#8221; z_index_tablet=&#8221;500&#8243; button_text_shadow_horizontal_length_tablet=&#8221;0px&#8221; button_text_shadow_vertical_length_tablet=&#8221;0px&#8221; button_text_shadow_blur_strength_tablet=&#8221;1px&#8221; border_color_all=&#8221;#dbdbdb&#8221; box_shadow_horizontal_tablet=&#8221;0px&#8221; box_shadow_vertical_tablet=&#8221;0px&#8221; box_shadow_blur_tablet=&#8221;40px&#8221; box_shadow_spread_tablet=&#8221;0px&#8221; text_shadow_horizontal_length_tablet=&#8221;0px&#8221; text_shadow_vertical_length_tablet=&#8221;0px&#8221; text_shadow_blur_strength_tablet=&#8221;1px&#8221; global_module=&#8221;55&#8243; saved_tabs=&#8221;all&#8221; locked=&#8221;off&#8221; global_colors_info=&#8221;{}&#8221; button_text_size__hover_enabled=&#8221;off&#8221; button_text_size__hover=&#8221;null&#8221; button_one_text_size__hover_enabled=&#8221;off&#8221; button_one_text_size__hover=&#8221;null&#8221; button_two_text_size__hover_enabled=&#8221;off&#8221; button_two_text_size__hover=&#8221;null&#8221; button_text_color__hover_enabled=&#8221;off&#8221; button_text_color__hover=&#8221;null&#8221; button_one_text_color__hover_enabled=&#8221;off&#8221; button_one_text_color__hover=&#8221;null&#8221; button_two_text_color__hover_enabled=&#8221;off&#8221; button_two_text_color__hover=&#8221;null&#8221; button_border_width__hover_enabled=&#8221;off&#8221; button_border_width__hover=&#8221;null&#8221; button_one_border_width__hover_enabled=&#8221;off&#8221; button_one_border_width__hover=&#8221;null&#8221; button_two_border_width__hover_enabled=&#8221;off&#8221; button_two_border_width__hover=&#8221;null&#8221; button_border_color__hover_enabled=&#8221;off&#8221; button_border_color__hover=&#8221;null&#8221; button_one_border_color__hover_enabled=&#8221;off&#8221; button_one_border_color__hover=&#8221;null&#8221; button_two_border_color__hover_enabled=&#8221;off&#8221; button_two_border_color__hover=&#8221;null&#8221; button_border_radius__hover_enabled=&#8221;off&#8221; button_border_radius__hover=&#8221;null&#8221; button_one_border_radius__hover_enabled=&#8221;off&#8221; button_one_border_radius__hover=&#8221;null&#8221; button_two_border_radius__hover_enabled=&#8221;off&#8221; button_two_border_radius__hover=&#8221;null&#8221; button_letter_spacing__hover_enabled=&#8221;off&#8221; button_letter_spacing__hover=&#8221;null&#8221; button_one_letter_spacing__hover_enabled=&#8221;off&#8221; button_one_letter_spacing__hover=&#8221;null&#8221; button_two_letter_spacing__hover_enabled=&#8221;off&#8221; button_two_letter_spacing__hover=&#8221;null&#8221; button_bg_color__hover_enabled=&#8221;off&#8221; button_bg_color__hover=&#8221;null&#8221; button_one_bg_color__hover_enabled=&#8221;off&#8221; button_one_bg_color__hover=&#8221;null&#8221; button_two_bg_color__hover_enabled=&#8221;off&#8221; button_two_bg_color__hover=&#8221;null&#8221;][\/et_pb_search][et_pb_text admin_label=&#8221;Text &#8212; verify dependents&#8221; _builder_version=&#8221;4.23.1&#8243; _module_preset=&#8221;8113f29c-da00-44b8-988f-04abdd3270fa&#8221; text_text_color=&#8221;#000000&#8243; global_module=&#8221;1376&#8243; saved_tabs=&#8221;all&#8221; locked=&#8221;off&#8221; global_colors_info=&#8221;{}&#8221;]<\/p>\n<h3 style=\"text-align: left;\">\u00bfNecesita ayuda para decidirse?<\/h3>\n<p style=\"padding-bottom: .2em !important;\">Pruebe nuestro r\u00e1pido y confidencial cuestionario comparativo en l\u00ednea. Responda a algunas preguntas sobre sus necesidades y estilo de vida para recibir sugerencias sobre las opciones que mejor se adaptan a usted.<\/p>\n<p><strong><a href=\"https:\/\/worthingtonbenefitsquiz.com\" target=\"_blank\" rel=\"noopener\">worthingtonbenefitsquiz.com<\/a><\/strong><\/p>\n<p><strong><\/strong><\/p>\n<p>[\/et_pb_text][et_pb_text admin_label=&#8221;Text &#8212; coord and connect boilerplate&#8221; _builder_version=&#8221;4.23.1&#8243; _module_preset=&#8221;1ac405a5-2936-4a59-b706-7209b8da291f&#8221; text_text_color=&#8221;#000000&#8243; text_line_height=&#8221;1.4em&#8221; width=&#8221;100%&#8221; height=&#8221;63&#8243; custom_padding=&#8221;25px||10px|&#8221; z_index_tablet=&#8221;500&#8243; text_text_shadow_horizontal_length_tablet=&#8221;0px&#8221; text_text_shadow_vertical_length_tablet=&#8221;0px&#8221; text_text_shadow_blur_strength_tablet=&#8221;1px&#8221; link_text_shadow_horizontal_length_tablet=&#8221;0px&#8221; link_text_shadow_vertical_length_tablet=&#8221;0px&#8221; link_text_shadow_blur_strength_tablet=&#8221;1px&#8221; ul_text_shadow_horizontal_length_tablet=&#8221;0px&#8221; ul_text_shadow_vertical_length_tablet=&#8221;0px&#8221; ul_text_shadow_blur_strength_tablet=&#8221;1px&#8221; ol_text_shadow_horizontal_length_tablet=&#8221;0px&#8221; ol_text_shadow_vertical_length_tablet=&#8221;0px&#8221; ol_text_shadow_blur_strength_tablet=&#8221;1px&#8221; quote_text_shadow_horizontal_length_tablet=&#8221;0px&#8221; quote_text_shadow_vertical_length_tablet=&#8221;0px&#8221; quote_text_shadow_blur_strength_tablet=&#8221;1px&#8221; header_text_shadow_horizontal_length_tablet=&#8221;0px&#8221; header_text_shadow_vertical_length_tablet=&#8221;0px&#8221; header_text_shadow_blur_strength_tablet=&#8221;1px&#8221; header_2_text_shadow_horizontal_length_tablet=&#8221;0px&#8221; header_2_text_shadow_vertical_length_tablet=&#8221;0px&#8221; header_2_text_shadow_blur_strength_tablet=&#8221;1px&#8221; header_3_text_shadow_horizontal_length_tablet=&#8221;0px&#8221; header_3_text_shadow_vertical_length_tablet=&#8221;0px&#8221; header_3_text_shadow_blur_strength_tablet=&#8221;1px&#8221; header_4_text_shadow_horizontal_length_tablet=&#8221;0px&#8221; header_4_text_shadow_vertical_length_tablet=&#8221;0px&#8221; header_4_text_shadow_blur_strength_tablet=&#8221;1px&#8221; header_5_text_shadow_horizontal_length_tablet=&#8221;0px&#8221; header_5_text_shadow_vertical_length_tablet=&#8221;0px&#8221; header_5_text_shadow_blur_strength_tablet=&#8221;1px&#8221; header_6_text_shadow_horizontal_length_tablet=&#8221;0px&#8221; header_6_text_shadow_vertical_length_tablet=&#8221;0px&#8221; header_6_text_shadow_blur_strength_tablet=&#8221;1px&#8221; border_width_top_tablet=&#8221;2px&#8221; border_width_top_phone=&#8221;2px&#8221; box_shadow_horizontal_tablet=&#8221;0px&#8221; box_shadow_vertical_tablet=&#8221;0px&#8221; box_shadow_blur_tablet=&#8221;40px&#8221; box_shadow_spread_tablet=&#8221;0px&#8221; global_module=&#8221;54&#8243; saved_tabs=&#8221;all&#8221; locked=&#8221;off&#8221; global_colors_info=&#8221;{}&#8221;]<\/p>\n<p><img loading=\"lazy\" decoding=\"async\" src=\"http:\/\/worthingtonbenefits.com\/wp-content\/uploads\/2024\/10\/PeopleCenter.png\" width=\"247\" height=\"30\" alt=\"\" class=\"wp-image-1353 alignnone size-full\" \/><\/p>\n<p><i class=\"fa-regular fa-phone\" aria-hidden=\"true\"><\/i> TEL\u00c9FONO <b>877.840.6506<\/b><br \/><i class=\"fa-regular fa-envelope\" aria-hidden=\"true\"><\/i> EMAIL | <a href=\"mailto:WPC@wthg.com\"><strong>WPC@wthg.com<\/strong><\/a><br \/><i class=\"fa-regular fa-clock\" aria-hidden=\"true\"><\/i> HORAS <strong>L-V, 8 a.m. - 5 p.m. ET<\/strong><\/p>\n<h3>Contactos<\/h3>\n<p><a href=\"https:\/\/worthingtonbenefits.com\/es\/resources\/\" target=\"_blank\" rel=\"noopener noreferrer\"><strong>P\u00f3ngase en contacto<\/strong><\/a> con todos nuestros proveedores de prestaciones.<\/p>\n<p>[\/et_pb_text][\/et_pb_column][\/et_pb_section]<\/p>","protected":false},"excerpt":{"rendered":"<p>Not sure which benefits and coverage you need? Consider the following examples to see how others at three different life stages choose the right coverage.\u00a0Olivia is single with no kids. She goes to her primary care doctor for her annual wellness visit but otherwise rarely gets care. Olivia doesn\u2019t use tobacco and stays active by [&hellip;]<\/p>","protected":false},"author":2,"featured_media":0,"parent":0,"menu_order":0,"comment_status":"closed","ping_status":"closed","template":"","meta":{"_et_pb_use_builder":"on","_et_pb_old_content":"","_et_gb_content_width":"","inline_featured_image":false,"footnotes":""},"class_list":["post-1411","page","type-page","status-publish","hentry"],"acf":[],"_links":{"self":[{"href":"https:\/\/worthingtonbenefits.com\/es\/wp-json\/wp\/v2\/pages\/1411","targetHints":{"allow":["GET"]}}],"collection":[{"href":"https:\/\/worthingtonbenefits.com\/es\/wp-json\/wp\/v2\/pages"}],"about":[{"href":"https:\/\/worthingtonbenefits.com\/es\/wp-json\/wp\/v2\/types\/page"}],"author":[{"embeddable":true,"href":"https:\/\/worthingtonbenefits.com\/es\/wp-json\/wp\/v2\/users\/2"}],"replies":[{"embeddable":true,"href":"https:\/\/worthingtonbenefits.com\/es\/wp-json\/wp\/v2\/comments?post=1411"}],"version-history":[{"count":0,"href":"https:\/\/worthingtonbenefits.com\/es\/wp-json\/wp\/v2\/pages\/1411\/revisions"}],"wp:attachment":[{"href":"https:\/\/worthingtonbenefits.com\/es\/wp-json\/wp\/v2\/media?parent=1411"}],"curies":[{"name":"wp","href":"https:\/\/api.w.org\/{rel}","templated":true}]}}