{"id":1395,"date":"2024-10-10T07:18:31","date_gmt":"2024-10-10T12:18:31","guid":{"rendered":"https:\/\/worthingtonbenefits.com\/?page_id=1395"},"modified":"2026-01-28T10:53:47","modified_gmt":"2026-01-28T16:53:47","slug":"helping-you-prepare-for-medicare","status":"publish","type":"page","link":"https:\/\/worthingtonbenefits.com\/es\/helping-you-prepare-for-medicare\/","title":{"rendered":"C\u00f3mo prepararse para Medicare"},"content":{"rendered":"<p>[et_pb_section fb_built=&#8221;1&#8243; fullwidth=&#8221;on&#8221; _builder_version=&#8221;4.16&#8243; _module_preset=&#8221;default&#8221; custom_padding=&#8221;0|0px|0|0px|false|false&#8221; global_colors_info=&#8221;{}&#8221;][et_pb_fullwidth_header title=&#8221;%91 MEDICARE CHOICE GROUP %93&#8243; subhead=&#8221;HELPING YOU PREPARE FOR MEDICARE&#8221; admin_label=&#8221;Fullwidth Header&#8221; _builder_version=&#8221;4.23.1&#8243; _module_preset=&#8221;29eede6e-1393-42c2-b025-25f3e78aae5f&#8221; background_image=&#8221;http:\/\/worthingtonbenefits.com\/wp-content\/uploads\/2024\/10\/retirement.jpg&#8221; global_colors_info=&#8221;{}&#8221;][\/et_pb_fullwidth_header][\/et_pb_section][et_pb_section fb_built=&#8221;1&#8243; use_custom_gutter=&#8221;on&#8221; gutter_width=&#8221;2&#8243; specialty=&#8221;on&#8221; padding_top_1=&#8221;0px&#8221; padding_top_2=&#8221;0px&#8221; padding_right_1=&#8221;30px&#8221; padding_top_bottom_link_1=&#8221;false&#8221; padding_top_bottom_link_2=&#8221;false&#8221; padding_left_right_link_1=&#8221;false&#8221; padding_left_right_link_2=&#8221;false&#8221; padding_1_tablet=&#8221;|0px|||false|false&#8221; padding_1_phone=&#8221;|0px|||false|false&#8221; padding_1_last_edited=&#8221;on|tablet&#8221; module_class_1=&#8221;basic_column_no_sideborder&#8221; custom_css_main_1=&#8221;border-right: 2px dotted #d9d9d9;&#8221; _builder_version=&#8221;4.18.0&#8243; _module_preset=&#8221;default&#8221; custom_padding=&#8221;50px||60px||false|false&#8221; global_colors_info=&#8221;{}&#8221;][et_pb_column type=&#8221;2_3&#8243; specialty_columns=&#8221;2&#8243; _builder_version=&#8221;4.16&#8243; _module_preset=&#8221;default&#8221; custom_padding=&#8221;|||&#8221; global_colors_info=&#8221;{}&#8221; custom_padding__hover=&#8221;|||&#8221;][et_pb_row_inner _builder_version=&#8221;4.18.0&#8243; _module_preset=&#8221;default&#8221; custom_padding=&#8221;0px||||false|false&#8221; global_colors_info=&#8221;{}&#8221;][et_pb_column_inner saved_specialty_column_type=&#8221;2_3&#8243; _builder_version=&#8221;4.18.0&#8243; _module_preset=&#8221;default&#8221; global_colors_info=&#8221;{}&#8221;][et_pb_text disabled_on=&#8221;on|on|on&#8221; admin_label=&#8221;Text &#8212; INTRO copy reg.&#8221; _builder_version=&#8221;4.23.1&#8243; _module_preset=&#8221;6a1133c9-dd61-47d3-a7f7-d32bb71ac93c&#8221; text_font_size_tablet=&#8221;24px&#8221; text_line_height_tablet=&#8221;32px&#8221; disabled=&#8221;on&#8221; saved_tabs=&#8221;all&#8221; locked=&#8221;off&#8221; global_colors_info=&#8221;{}&#8221;]<\/p>\n<p>Worthington Enterprises helps enable people to live safer, healthier and more expressive lives. Our comprehensive benefits program delivers on that same promise for our people. We&#8217;re making several enhancements to further empower you to thrive with access to high-quality, affordable coverage.\u00a0<\/p>\n<p>As you prepare to enroll, consider the changes that will be effective January 1, 2025.\u00a0<\/p>\n<p>[\/et_pb_text][et_pb_text admin_label=&#8221;Text &#8212; ID cards&#8221; _builder_version=&#8221;4.27.5&#8243; _module_preset=&#8221;9ce8e523-38aa-4d92-a8aa-45a51b7d8a64&#8243; hover_enabled=&#8221;0&#8243; locked=&#8221;off&#8221; global_colors_info=&#8221;{}&#8221; sticky_enabled=&#8221;0&#8243;]<\/p>\n<p>Es importante que conozca sus opciones de asistencia sanitaria a medida que se acerca el momento de optar a Medicare. Nos hemos asociado con Medicare Choice Group para ofrecer programas gratuitos de educaci\u00f3n sobre Medicare y servicios de inscripci\u00f3n. Medicare Choice Group proporciona asesoramiento gratuito e imparcial, apoyo pr\u00e1ctico para la toma de decisiones y opciones de cobertura detalladas basadas en las necesidades espec\u00edficas de los beneficiarios elegibles. Este servicio es gratuito para todos los empleados de Worthington y c\u00f3nyuges, padres y seres queridos que sean elegibles para Medicare.<\/p>\n<p class=\"para_b4_list\">Durante su consulta individual y gratuita sobre Medicare, su asesor certificado de Medicare:<\/p>\n<ul>\n<li>Eval\u00fae sus necesidades sanitarias para encontrar un plan adecuado para usted.<\/li>\n<li>Proporcionar opciones de cobertura de Medicare de compa\u00f1\u00edas nacionales de asistencia sanitaria.<\/li>\n<li>Haga recomendaciones y planifique su calendario de transici\u00f3n a Medicare.<\/li>\n<li>Le guiar\u00e1 paso a paso por el proceso de inscripci\u00f3n.<\/li>\n<\/ul>\n<p>Para empezar, programe su consulta individual gratuita sobre Medicare en <span><a href=\"https:\/\/visit.medicarechoicegroup.com\/worthington\" target=\"_blank\" rel=\"noopener\"><strong>visit.medicarechoicegroup.com\/worthington<\/strong><\/a><\/span> o llame al <strong>855.626.7127<\/strong> para hablar con un asesor de Medicare. <span>Utilice esto\u00a0<\/span><a href=\"https:\/\/worthingtonbenefits.com\/es\/documents\/medicare-checklist\/\" target=\"_blank\" rel=\"noopener\">Lista de verificaci\u00f3n de Medicare<\/a><span>\u00a0para ayudarte a prepararte.<\/span><\/p>\n<p>[\/et_pb_text][\/et_pb_column_inner][\/et_pb_row_inner][\/et_pb_column][et_pb_column type=&#8221;1_3&#8243; _builder_version=&#8221;4.16&#8243; _module_preset=&#8221;default&#8221; custom_padding=&#8221;|||&#8221; global_colors_info=&#8221;{}&#8221; custom_padding__hover=&#8221;|||&#8221;][et_pb_search exclude_pages=&#8221;off&#8221; button_color=&#8221;#666666&#8243; _builder_version=&#8221;4.23.1&#8243; _module_preset=&#8221;default&#8221; button_font=&#8221;|700|||||||&#8221; button_text_color=&#8221;#ffffff&#8221; button_font_size=&#8221;13px&#8221; z_index_tablet=&#8221;500&#8243; button_text_shadow_horizontal_length_tablet=&#8221;0px&#8221; button_text_shadow_vertical_length_tablet=&#8221;0px&#8221; button_text_shadow_blur_strength_tablet=&#8221;1px&#8221; border_color_all=&#8221;#dbdbdb&#8221; box_shadow_horizontal_tablet=&#8221;0px&#8221; box_shadow_vertical_tablet=&#8221;0px&#8221; box_shadow_blur_tablet=&#8221;40px&#8221; box_shadow_spread_tablet=&#8221;0px&#8221; text_shadow_horizontal_length_tablet=&#8221;0px&#8221; text_shadow_vertical_length_tablet=&#8221;0px&#8221; text_shadow_blur_strength_tablet=&#8221;1px&#8221; global_module=&#8221;55&#8243; saved_tabs=&#8221;all&#8221; locked=&#8221;off&#8221; global_colors_info=&#8221;{}&#8221; button_text_size__hover_enabled=&#8221;off&#8221; button_text_size__hover=&#8221;null&#8221; button_one_text_size__hover_enabled=&#8221;off&#8221; button_one_text_size__hover=&#8221;null&#8221; button_two_text_size__hover_enabled=&#8221;off&#8221; button_two_text_size__hover=&#8221;null&#8221; button_text_color__hover_enabled=&#8221;off&#8221; button_text_color__hover=&#8221;null&#8221; button_one_text_color__hover_enabled=&#8221;off&#8221; button_one_text_color__hover=&#8221;null&#8221; button_two_text_color__hover_enabled=&#8221;off&#8221; button_two_text_color__hover=&#8221;null&#8221; button_border_width__hover_enabled=&#8221;off&#8221; button_border_width__hover=&#8221;null&#8221; button_one_border_width__hover_enabled=&#8221;off&#8221; button_one_border_width__hover=&#8221;null&#8221; button_two_border_width__hover_enabled=&#8221;off&#8221; button_two_border_width__hover=&#8221;null&#8221; button_border_color__hover_enabled=&#8221;off&#8221; button_border_color__hover=&#8221;null&#8221; button_one_border_color__hover_enabled=&#8221;off&#8221; button_one_border_color__hover=&#8221;null&#8221; button_two_border_color__hover_enabled=&#8221;off&#8221; button_two_border_color__hover=&#8221;null&#8221; button_border_radius__hover_enabled=&#8221;off&#8221; button_border_radius__hover=&#8221;null&#8221; button_one_border_radius__hover_enabled=&#8221;off&#8221; button_one_border_radius__hover=&#8221;null&#8221; button_two_border_radius__hover_enabled=&#8221;off&#8221; button_two_border_radius__hover=&#8221;null&#8221; button_letter_spacing__hover_enabled=&#8221;off&#8221; button_letter_spacing__hover=&#8221;null&#8221; button_one_letter_spacing__hover_enabled=&#8221;off&#8221; button_one_letter_spacing__hover=&#8221;null&#8221; button_two_letter_spacing__hover_enabled=&#8221;off&#8221; button_two_letter_spacing__hover=&#8221;null&#8221; button_bg_color__hover_enabled=&#8221;off&#8221; button_bg_color__hover=&#8221;null&#8221; button_one_bg_color__hover_enabled=&#8221;off&#8221; button_one_bg_color__hover=&#8221;null&#8221; button_two_bg_color__hover_enabled=&#8221;off&#8221; button_two_bg_color__hover=&#8221;null&#8221;][\/et_pb_search][et_pb_image src=&#8221;http:\/\/worthingtonbenefits.com\/wp-content\/uploads\/2024\/10\/medicare-choice-group.png&#8221; title_text=&#8221;medicare-choice-group&#8221; url=&#8221;https:\/\/lp.constantcontactpages.com\/cu\/rbdfs7F\/worthington&#8221; url_new_window=&#8221;on&#8221; align=&#8221;center&#8221; align_tablet=&#8221;center&#8221; align_phone=&#8221;&#8221; align_last_edited=&#8221;on|desktop&#8221; admin_label=&#8221;Image &#8212; Hinge Health Logo&#8221; _builder_version=&#8221;4.23.1&#8243; width=&#8221;80%&#8221; width_tablet=&#8221;54%&#8221; width_phone=&#8221;54%&#8221; width_last_edited=&#8221;on|phone&#8221; max_width=&#8221;93%&#8221; custom_padding=&#8221;||15px|&#8221; custom_padding_tablet=&#8221;||5px|&#8221; custom_padding_phone=&#8221;&#8221; custom_padding_last_edited=&#8221;on|desktop&#8221; z_index_tablet=&#8221;500&#8243; custom_css_before=&#8221;content: &#8216;Our current provider:&#8217;;||display: block;||padding-bottom: 10px !important;||text-align: center !important;||font-size: 13px;||letter-spacing: 1px;||text-transform: uppercase;||line-height: 1.3em !important;||font-weight: 700 !important;&#8221; box_shadow_horizontal_tablet=&#8221;0px&#8221; box_shadow_vertical_tablet=&#8221;0px&#8221; box_shadow_blur_tablet=&#8221;40px&#8221; box_shadow_spread_tablet=&#8221;0px&#8221; locked=&#8221;off&#8221; global_colors_info=&#8221;{}&#8221;][\/et_pb_image][et_pb_text admin_label=&#8221;Text &#8212; Phone\/email&#8221; module_class=&#8221;sidebar-list&#8221; _builder_version=&#8221;4.23.1&#8243; text_text_color=&#8221;#000000&#8243; text_font_size=&#8221;15px&#8221; text_line_height=&#8221;1.4em&#8221; header_3_font=&#8221;|||on|||||&#8221; header_3_text_align=&#8221;center&#8221; header_3_text_color=&#8221;#009ade&#8221; header_3_font_size=&#8221;18px&#8221; header_3_line_height=&#8221;1.2em&#8221; header_5_line_height=&#8221;1.2em&#8221; custom_margin=&#8221;||0px|&#8221; custom_padding=&#8221;||12px||false|false&#8221; custom_padding_tablet=&#8221;&#8221; custom_padding_phone=&#8221;&#8221; custom_padding_last_edited=&#8221;on|desktop&#8221; z_index_tablet=&#8221;500&#8243; text_text_shadow_horizontal_length_tablet=&#8221;0px&#8221; text_text_shadow_vertical_length_tablet=&#8221;0px&#8221; text_text_shadow_blur_strength_tablet=&#8221;1px&#8221; link_text_shadow_horizontal_length_tablet=&#8221;0px&#8221; link_text_shadow_vertical_length_tablet=&#8221;0px&#8221; link_text_shadow_blur_strength_tablet=&#8221;1px&#8221; ul_text_shadow_horizontal_length_tablet=&#8221;0px&#8221; ul_text_shadow_vertical_length_tablet=&#8221;0px&#8221; ul_text_shadow_blur_strength_tablet=&#8221;1px&#8221; ol_text_shadow_horizontal_length_tablet=&#8221;0px&#8221; ol_text_shadow_vertical_length_tablet=&#8221;0px&#8221; ol_text_shadow_blur_strength_tablet=&#8221;1px&#8221; quote_text_shadow_horizontal_length_tablet=&#8221;0px&#8221; quote_text_shadow_vertical_length_tablet=&#8221;0px&#8221; quote_text_shadow_blur_strength_tablet=&#8221;1px&#8221; header_text_shadow_horizontal_length_tablet=&#8221;0px&#8221; header_text_shadow_vertical_length_tablet=&#8221;0px&#8221; header_text_shadow_blur_strength_tablet=&#8221;1px&#8221; header_2_text_shadow_horizontal_length_tablet=&#8221;0px&#8221; header_2_text_shadow_vertical_length_tablet=&#8221;0px&#8221; header_2_text_shadow_blur_strength_tablet=&#8221;1px&#8221; header_3_text_shadow_horizontal_length_tablet=&#8221;0px&#8221; header_3_text_shadow_vertical_length_tablet=&#8221;0px&#8221; header_3_text_shadow_blur_strength_tablet=&#8221;1px&#8221; header_4_text_shadow_horizontal_length_tablet=&#8221;0px&#8221; header_4_text_shadow_vertical_length_tablet=&#8221;0px&#8221; header_4_text_shadow_blur_strength_tablet=&#8221;1px&#8221; header_5_text_shadow_horizontal_length_tablet=&#8221;0px&#8221; header_5_text_shadow_vertical_length_tablet=&#8221;0px&#8221; header_5_text_shadow_blur_strength_tablet=&#8221;1px&#8221; header_6_text_shadow_horizontal_length_tablet=&#8221;0px&#8221; header_6_text_shadow_vertical_length_tablet=&#8221;0px&#8221; header_6_text_shadow_blur_strength_tablet=&#8221;1px&#8221; border_color_bottom=&#8221;#d9d9d9&#8243; border_style_bottom=&#8221;dotted&#8221; box_shadow_horizontal_tablet=&#8221;0px&#8221; box_shadow_vertical_tablet=&#8221;0px&#8221; box_shadow_blur_tablet=&#8221;40px&#8221; box_shadow_spread_tablet=&#8221;0px&#8221; locked=&#8221;off&#8221; global_colors_info=&#8221;{}&#8221;]<\/p>\n<ul>\n<li><strong style=\"font-size: 15px;\"><a href=\"https:\/\/lp.constantcontactpages.com\/cu\/rbdfs7F\/worthington\" target=\"_blank\" rel=\"noopener noreferrer\">visit.medicarechoicegroup.com\/worthington <\/a><\/strong><\/li>\n<\/ul>\n<p>[\/et_pb_text][et_pb_text admin_label=&#8221;Text &#8212; coord and connect boilerplate&#8221; _builder_version=&#8221;4.23.1&#8243; _module_preset=&#8221;1ac405a5-2936-4a59-b706-7209b8da291f&#8221; text_text_color=&#8221;#000000&#8243; text_line_height=&#8221;1.4em&#8221; width=&#8221;100%&#8221; height=&#8221;63&#8243; custom_padding=&#8221;25px||10px|&#8221; z_index_tablet=&#8221;500&#8243; text_text_shadow_horizontal_length_tablet=&#8221;0px&#8221; text_text_shadow_vertical_length_tablet=&#8221;0px&#8221; text_text_shadow_blur_strength_tablet=&#8221;1px&#8221; link_text_shadow_horizontal_length_tablet=&#8221;0px&#8221; link_text_shadow_vertical_length_tablet=&#8221;0px&#8221; link_text_shadow_blur_strength_tablet=&#8221;1px&#8221; ul_text_shadow_horizontal_length_tablet=&#8221;0px&#8221; ul_text_shadow_vertical_length_tablet=&#8221;0px&#8221; ul_text_shadow_blur_strength_tablet=&#8221;1px&#8221; ol_text_shadow_horizontal_length_tablet=&#8221;0px&#8221; ol_text_shadow_vertical_length_tablet=&#8221;0px&#8221; ol_text_shadow_blur_strength_tablet=&#8221;1px&#8221; quote_text_shadow_horizontal_length_tablet=&#8221;0px&#8221; quote_text_shadow_vertical_length_tablet=&#8221;0px&#8221; quote_text_shadow_blur_strength_tablet=&#8221;1px&#8221; header_text_shadow_horizontal_length_tablet=&#8221;0px&#8221; header_text_shadow_vertical_length_tablet=&#8221;0px&#8221; header_text_shadow_blur_strength_tablet=&#8221;1px&#8221; header_2_text_shadow_horizontal_length_tablet=&#8221;0px&#8221; header_2_text_shadow_vertical_length_tablet=&#8221;0px&#8221; header_2_text_shadow_blur_strength_tablet=&#8221;1px&#8221; header_3_text_shadow_horizontal_length_tablet=&#8221;0px&#8221; header_3_text_shadow_vertical_length_tablet=&#8221;0px&#8221; header_3_text_shadow_blur_strength_tablet=&#8221;1px&#8221; header_4_text_shadow_horizontal_length_tablet=&#8221;0px&#8221; header_4_text_shadow_vertical_length_tablet=&#8221;0px&#8221; header_4_text_shadow_blur_strength_tablet=&#8221;1px&#8221; header_5_text_shadow_horizontal_length_tablet=&#8221;0px&#8221; header_5_text_shadow_vertical_length_tablet=&#8221;0px&#8221; header_5_text_shadow_blur_strength_tablet=&#8221;1px&#8221; header_6_text_shadow_horizontal_length_tablet=&#8221;0px&#8221; header_6_text_shadow_vertical_length_tablet=&#8221;0px&#8221; header_6_text_shadow_blur_strength_tablet=&#8221;1px&#8221; border_width_top_tablet=&#8221;2px&#8221; border_width_top_phone=&#8221;2px&#8221; box_shadow_horizontal_tablet=&#8221;0px&#8221; box_shadow_vertical_tablet=&#8221;0px&#8221; box_shadow_blur_tablet=&#8221;40px&#8221; box_shadow_spread_tablet=&#8221;0px&#8221; global_module=&#8221;54&#8243; saved_tabs=&#8221;all&#8221; locked=&#8221;off&#8221; global_colors_info=&#8221;{}&#8221;]<\/p>\n<p><img loading=\"lazy\" decoding=\"async\" src=\"http:\/\/worthingtonbenefits.com\/wp-content\/uploads\/2024\/10\/PeopleCenter.png\" width=\"247\" height=\"30\" alt=\"\" class=\"wp-image-1353 alignnone size-full\" \/><\/p>\n<p><i class=\"fa-regular fa-phone\" aria-hidden=\"true\"><\/i> TEL\u00c9FONO <b>877.840.6506<\/b><br \/><i class=\"fa-regular fa-envelope\" aria-hidden=\"true\"><\/i> EMAIL | <a href=\"mailto:WPC@wthg.com\"><strong>WPC@wthg.com<\/strong><\/a><br \/><i class=\"fa-regular fa-clock\" aria-hidden=\"true\"><\/i> HORAS <strong>L-V, 8 a.m. - 5 p.m. ET<\/strong><\/p>\n<h3>Contactos<\/h3>\n<p><a href=\"https:\/\/worthingtonbenefits.com\/es\/resources\/\" target=\"_blank\" rel=\"noopener noreferrer\"><strong>P\u00f3ngase en contacto<\/strong><\/a> con todos nuestros proveedores de prestaciones.<\/p>\n<p>[\/et_pb_text][\/et_pb_column][\/et_pb_section]<\/p>","protected":false},"excerpt":{"rendered":"<p>Worthington Enterprises helps enable people to live safer, healthier and more expressive lives. Our comprehensive benefits program delivers on that same promise for our people. We&#8217;re making several enhancements to further empower you to thrive with access to high-quality, affordable coverage.\u00a0 As you prepare to enroll, consider the changes that will be effective January 1, [&hellip;]<\/p>","protected":false},"author":2,"featured_media":0,"parent":0,"menu_order":0,"comment_status":"closed","ping_status":"closed","template":"","meta":{"_et_pb_use_builder":"on","_et_pb_old_content":"","_et_gb_content_width":"","inline_featured_image":false,"footnotes":""},"class_list":["post-1395","page","type-page","status-publish","hentry"],"acf":[],"_links":{"self":[{"href":"https:\/\/worthingtonbenefits.com\/es\/wp-json\/wp\/v2\/pages\/1395","targetHints":{"allow":["GET"]}}],"collection":[{"href":"https:\/\/worthingtonbenefits.com\/es\/wp-json\/wp\/v2\/pages"}],"about":[{"href":"https:\/\/worthingtonbenefits.com\/es\/wp-json\/wp\/v2\/types\/page"}],"author":[{"embeddable":true,"href":"https:\/\/worthingtonbenefits.com\/es\/wp-json\/wp\/v2\/users\/2"}],"replies":[{"embeddable":true,"href":"https:\/\/worthingtonbenefits.com\/es\/wp-json\/wp\/v2\/comments?post=1395"}],"version-history":[{"count":0,"href":"https:\/\/worthingtonbenefits.com\/es\/wp-json\/wp\/v2\/pages\/1395\/revisions"}],"wp:attachment":[{"href":"https:\/\/worthingtonbenefits.com\/es\/wp-json\/wp\/v2\/media?parent=1395"}],"curies":[{"name":"wp","href":"https:\/\/api.w.org\/{rel}","templated":true}]}}